{"id":14869,"date":"2014-05-20T07:51:11","date_gmt":"2014-05-20T07:51:11","guid":{"rendered":"http:\/\/demo.qodeinteractive.com\/bridge76\/?page_id=14869"},"modified":"2016-05-30T17:25:49","modified_gmt":"2016-05-30T14:25:49","slug":"home-2","status":"publish","type":"page","link":"https:\/\/kunstschule-gerlach.de\/de\/","title":{"rendered":"Home"},"content":{"rendered":"<p>[vc_row row_type=&#8220;row&#8220; use_row_as_full_screen_section=&#8220;no&#8220; type=&#8220;full_width&#8220; angled_section=&#8220;no&#8220; text_align=&#8220;left&#8220; background_image_as_pattern=&#8220;without_pattern&#8220; padding_bottom=&#8220;32&#8243; css_animation=&#8220;&#8220; el_class=&#8220;gallery_nav_right&#8220;][vc_column css=&#8220;.vc_custom_1455723974635{padding-bottom: 20px !important;}&#8220;][layerslider_vc id=&#8220;4&#8243;][\/vc_column][\/vc_row][vc_row row_type=&#8220;row&#8220; use_row_as_full_screen_section=&#8220;no&#8220; type=&#8220;full_width&#8220; angled_section=&#8220;no&#8220; text_align=&#8220;left&#8220; background_image_as_pattern=&#8220;without_pattern&#8220; css_animation=&#8220;&#8220;][vc_column][\/vc_column][\/vc_row][vc_row row_type=&#8220;row&#8220; use_row_as_full_screen_section=&#8220;no&#8220; type=&#8220;full_width&#8220; angled_section=&#8220;no&#8220; text_align=&#8220;left&#8220; background_image_as_pattern=&#8220;without_pattern&#8220; css_animation=&#8220;&#8220;][vc_column][vc_column_text]<\/p>\n<div class=\"page\" title=\"Page 1\">In unserer Schule sollen das Talent und das sch\u00f6pferische Potenzial eines jeden Sch\u00fcler \/ einer jeden Sch\u00fclerin entdeckt, entfaltet und gef\u00f6rdert werden. Die Sch\u00f6nheit unserer Welt sehen und diese auf einem Blatt Papier oder auf der Leinwand mit k\u00fcnstlerischen Mitteln festhalten zu lernen, ist unser Ziel.<\/div>\n<p style=\"text-align: right;\"><a href=\"http:\/\/kunstschule-gerlach.de\/de\/ueber-uns\/\">Mehr\u00a0\u27a4<\/a><\/p>\n<p>[\/vc_column_text][\/vc_column][\/vc_row]<\/p>","protected":false},"excerpt":{"rendered":"<p>[vc_row row_type=&#8220;row&#8220; use_row_as_full_screen_section=&#8220;no&#8220; type=&#8220;full_width&#8220; angled_section=&#8220;no&#8220; text_align=&#8220;left&#8220; background_image_as_pattern=&#8220;without_pattern&#8220; padding_bottom=&#8220;32&#8243; css_animation=&#8220;&#8220; el_class=&#8220;gallery_nav_right&#8220;][vc_column css=&#8220;.vc_custom_1455723974635{padding-bottom: 20px !important;}&#8220;][layerslider_vc id=&#8220;4&#8243;][\/vc_column][\/vc_row][vc_row row_type=&#8220;row&#8220; use_row_as_full_screen_section=&#8220;no&#8220; type=&#8220;full_width&#8220; angled_section=&#8220;no&#8220; text_align=&#8220;left&#8220; background_image_as_pattern=&#8220;without_pattern&#8220; css_animation=&#8220;&#8220;][vc_column][\/vc_column][\/vc_row][vc_row row_type=&#8220;row&#8220; use_row_as_full_screen_section=&#8220;no&#8220; type=&#8220;full_width&#8220; angled_section=&#8220;no&#8220; text_align=&#8220;left&#8220; background_image_as_pattern=&#8220;without_pattern&#8220; css_animation=&#8220;&#8220;][vc_column][vc_column_text] In unserer Schule sollen das Talent und das sch\u00f6pferische Potenzial eines jeden Sch\u00fcler \/ einer jeden Sch\u00fclerin&#8230;<\/p>\n","protected":false},"author":1,"featured_media":0,"parent":0,"menu_order":0,"comment_status":"open","ping_status":"open","template":"","meta":[],"jetpack_sharing_enabled":true,"_links":{"self":[{"href":"https:\/\/kunstschule-gerlach.de\/de\/wp-json\/wp\/v2\/pages\/14869"}],"collection":[{"href":"https:\/\/kunstschule-gerlach.de\/de\/wp-json\/wp\/v2\/pages"}],"about":[{"href":"https:\/\/kunstschule-gerlach.de\/de\/wp-json\/wp\/v2\/types\/page"}],"author":[{"embeddable":true,"href":"https:\/\/kunstschule-gerlach.de\/de\/wp-json\/wp\/v2\/users\/1"}],"replies":[{"embeddable":true,"href":"https:\/\/kunstschule-gerlach.de\/de\/wp-json\/wp\/v2\/comments?post=14869"}],"version-history":[{"count":14,"href":"https:\/\/kunstschule-gerlach.de\/de\/wp-json\/wp\/v2\/pages\/14869\/revisions"}],"predecessor-version":[{"id":15784,"href":"https:\/\/kunstschule-gerlach.de\/de\/wp-json\/wp\/v2\/pages\/14869\/revisions\/15784"}],"wp:attachment":[{"href":"https:\/\/kunstschule-gerlach.de\/de\/wp-json\/wp\/v2\/media?parent=14869"}],"curies":[{"name":"wp","href":"https:\/\/api.w.org\/{rel}","templated":true}]}}